{"id":3703,"date":"2023-09-09T08:25:37","date_gmt":"2023-09-09T07:25:37","guid":{"rendered":"http:\/\/lr-pure.com\/imprint\/"},"modified":"2026-01-01T14:11:30","modified_gmt":"2026-01-01T13:11:30","slug":"imprint","status":"publish","type":"page","link":"https:\/\/lr-pure.com\/en\/imprint\/","title":{"rendered":"Imprint"},"content":{"rendered":"\t\t<div data-elementor-type=\"wp-page\" data-elementor-id=\"3703\" class=\"elementor elementor-3703 elementor-36\" data-elementor-post-type=\"page\">\n\t\t\t\t\t\t<section class=\"elementor-section elementor-top-section elementor-element elementor-element-0ec30cb elementor-section-boxed elementor-section-height-default elementor-section-height-default\" data-id=\"0ec30cb\" data-element_type=\"section\" id=\"main-parent\" data-settings=\"{&quot;background_background&quot;:&quot;classic&quot;}\">\n\t\t\t\t\t\t\t<div class=\"elementor-background-overlay\"><\/div>\n\t\t\t\t\t\t\t<div class=\"elementor-container elementor-column-gap-default\">\n\t\t\t\t\t<div class=\"elementor-column elementor-col-100 elementor-top-column elementor-element elementor-element-2ac6788\" data-id=\"2ac6788\" data-element_type=\"column\">\n\t\t\t<div class=\"elementor-widget-wrap elementor-element-populated\">\n\t\t\t\t\t\t<div class=\"elementor-element elementor-element-f2ce2ba elementor-widget elementor-widget-html\" data-id=\"f2ce2ba\" data-element_type=\"widget\" data-widget_type=\"html.default\">\n\t\t\t\t<div class=\"elementor-widget-container\">\n\t\t\t\t\t<script src=\"https:\/\/code.jquery.com\/jquery-3.6.0.min.js\"><\/script><script>var $ = jQuery\n$(document).ready(function(){\n    \n$('.elementor-section[link], .elementor-column[link] > .elementor-widget-wrap, .e-con[link], .e-container[link]').on('click', function(){\n    \n    var $this = $(this).hasClass('elementor-widget-wrap') ? $(this).parent() : $(this),\n    link = $this.attr('link'),\n    newtab = $this.attr('newtab'),\n    openIn = typeof newtab !== 'undefined' && newtab !== false ? '_blank' : '_self'\n    \n    window.open(link, openIn)\n})\n})\n<\/script><style>.elementor-section[link], .elementor-column[link] > .elementor-widget-wrap, .e-con[link], .e-container[link] {\n    cursor: pointer;\n}\n<\/style>\t\t\t\t<\/div>\n\t\t\t\t<\/div>\n\t\t\t\t<div class=\"elementor-element elementor-element-0449a1b elementor-widget elementor-widget-spacer\" data-id=\"0449a1b\" data-element_type=\"widget\" data-widget_type=\"spacer.default\">\n\t\t\t\t<div class=\"elementor-widget-container\">\n\t\t\t\t\t\t\t<div class=\"elementor-spacer\">\n\t\t\t<div class=\"elementor-spacer-inner\"><\/div>\n\t\t<\/div>\n\t\t\t\t\t\t<\/div>\n\t\t\t\t<\/div>\n\t\t\t\t<div class=\"elementor-element elementor-element-23d603a elementor-widget__width-auto elementor-widget elementor-widget-heading\" data-id=\"23d603a\" data-element_type=\"widget\" data-widget_type=\"heading.default\">\n\t\t\t\t<div class=\"elementor-widget-container\">\n\t\t\t\t\t<h2 class=\"elementor-heading-title elementor-size-default\">Imprint<\/h2>\t\t\t\t<\/div>\n\t\t\t\t<\/div>\n\t\t\t\t<div class=\"elementor-element elementor-element-f98a7f4 elementor-widget elementor-widget-spacer\" data-id=\"f98a7f4\" data-element_type=\"widget\" data-widget_type=\"spacer.default\">\n\t\t\t\t<div class=\"elementor-widget-container\">\n\t\t\t\t\t\t\t<div class=\"elementor-spacer\">\n\t\t\t<div class=\"elementor-spacer-inner\"><\/div>\n\t\t<\/div>\n\t\t\t\t\t\t<\/div>\n\t\t\t\t<\/div>\n\t\t\t\t\t<\/div>\n\t\t<\/div>\n\t\t\t\t\t<\/div>\n\t\t<\/section>\n\t\t\t\t<section class=\"elementor-section elementor-top-section elementor-element elementor-element-c4dcd43 elementor-section-boxed elementor-section-height-default elementor-section-height-default\" data-id=\"c4dcd43\" data-element_type=\"section\">\n\t\t\t\t\t\t<div class=\"elementor-container elementor-column-gap-default\">\n\t\t\t\t\t<div class=\"elementor-column elementor-col-100 elementor-top-column elementor-element elementor-element-d8f02ca\" data-id=\"d8f02ca\" data-element_type=\"column\">\n\t\t\t<div class=\"elementor-widget-wrap elementor-element-populated\">\n\t\t\t\t\t\t<div class=\"elementor-element elementor-element-8540253 elementor-widget elementor-widget-spacer\" data-id=\"8540253\" data-element_type=\"widget\" data-widget_type=\"spacer.default\">\n\t\t\t\t<div class=\"elementor-widget-container\">\n\t\t\t\t\t\t\t<div class=\"elementor-spacer\">\n\t\t\t<div class=\"elementor-spacer-inner\"><\/div>\n\t\t<\/div>\n\t\t\t\t\t\t<\/div>\n\t\t\t\t<\/div>\n\t\t\t\t<div class=\"elementor-element elementor-element-37a742d elementor-widget elementor-widget-heading\" data-id=\"37a742d\" data-element_type=\"widget\" data-widget_type=\"heading.default\">\n\t\t\t\t<div class=\"elementor-widget-container\">\n\t\t\t\t\t<h2 class=\"elementor-heading-title elementor-size-default\">Imprint<\/h2>\t\t\t\t<\/div>\n\t\t\t\t<\/div>\n\t\t\t\t<div class=\"elementor-element elementor-element-6638831 elementor-widget elementor-widget-spacer\" data-id=\"6638831\" data-element_type=\"widget\" data-widget_type=\"spacer.default\">\n\t\t\t\t<div class=\"elementor-widget-container\">\n\t\t\t\t\t\t\t<div class=\"elementor-spacer\">\n\t\t\t<div class=\"elementor-spacer-inner\"><\/div>\n\t\t<\/div>\n\t\t\t\t\t\t<\/div>\n\t\t\t\t<\/div>\n\t\t\t\t<div class=\"elementor-element elementor-element-d6d9443 elementor-widget elementor-widget-text-editor\" data-id=\"d6d9443\" data-element_type=\"widget\" data-widget_type=\"text-editor.default\">\n\t\t\t\t<div class=\"elementor-widget-container\">\n\t\t\t\t\t\t\t\t\t<p data-start=\"132\" data-end=\"224\">LR Pure Systems GmbH<br data-start=\"156\" data-end=\"159\" \/>R\u00f6ntgenstra\u00dfe 24<br data-start=\"175\" data-end=\"178\" \/>71254 Ditzingen \u2013 Heimerdingen<br data-start=\"208\" data-end=\"211\" \/>Germany<\/p><p data-start=\"226\" data-end=\"337\">Commercial Register: Local Court of Stuttgart, HRB 770172<br data-start=\"280\" data-end=\"283\" \/>VAT Identification Number: DE 302097486<\/p><p data-start=\"339\" data-end=\"418\">Represented by:<br data-start=\"359\" data-end=\"362\" \/>Stefan Fischer, Thorsten St\u00e4bler<\/p><p data-start=\"420\" data-end=\"491\"><strong data-start=\"420\" data-end=\"432\">Contact:<\/strong><br data-start=\"432\" data-end=\"435\" \/>Phone: +49 7152 603 385 0<br data-start=\"462\" data-end=\"465\" \/>E-mail: <a rel=\"noopener\" data-start=\"473\" data-end=\"489\">info@lr-pure.com<\/a><\/p><p data-start=\"493\" data-end=\"640\"><strong data-start=\"493\" data-end=\"549\">Responsible for content according to \u00a7 18 (2) MStV: <\/strong><br data-start=\"549\" data-end=\"552\" \/>Stefan Fischer, Thorsten St\u00e4bler<br data-start=\"586\" data-end=\"589\" \/>R\u00f6ntgenstra\u00dfe 24<br data-start=\"605\" data-end=\"608\" \/>71254 Ditzingen \u2013 Heimerdingen<\/p>\t\t\t\t\t\t\t\t<\/div>\n\t\t\t\t<\/div>\n\t\t\t\t<div class=\"elementor-element elementor-element-e1f2a61 elementor-widget elementor-widget-text-editor\" data-id=\"e1f2a61\" data-element_type=\"widget\" data-widget_type=\"text-editor.default\">\n\t\t\t\t<div class=\"elementor-widget-container\">\n\t\t\t\t\t\t\t\t\t<p><strong><span style=\"white-space-collapse: preserve;\">Disclaimer<\/span><span style=\"white-space-collapse: preserve;\">Liability for content:<\/span><\/strong><\/p><p><span style=\"white-space-collapse: preserve;\">The content of our website has been compiled with greatest care. We cannot guarantee for accuracy, completeness and up-to-dateness of this content. As a service provider, we are liable for our own content on this website according to \u00a7 7 Section 1 TMG. According to \u00a7 8 to 10 TMG we, as a service provider, are however not obliged to monitor transmitted or stored foreign information or to investigate circumstances, which indicate illicit activity. Obligations regarding the removal or blocking of usage in accordance with general legislation remain hereby unaffected. In this regard, liability is only possible from the point in which we are aware of a specific legal violation.<\/span><br style=\"font-weight: bold; white-space-collapse: preserve;\"><span style=\"white-space-collapse: preserve;\">As soon as we become aware of any legal violations we will remove such contents immediately.<\/span><strong><span style=\"white-space-collapse: preserve;\"><br><\/span><\/strong><\/p>\t\t\t\t\t\t\t\t<\/div>\n\t\t\t\t<\/div>\n\t\t\t\t<div class=\"elementor-element elementor-element-9a4abc5 elementor-widget elementor-widget-text-editor\" data-id=\"9a4abc5\" data-element_type=\"widget\" data-widget_type=\"text-editor.default\">\n\t\t\t\t<div class=\"elementor-widget-container\">\n\t\t\t\t\t\t\t\t\t<p><span style=\"font-weight: bolder;\">Copyright<\/span><\/p><p>The content and work on this website, compiled by the website operator, are subject to the German copyright legislation. The reproduction, processing, distributing and any kind of use outside the limits of the copyright law require the written approval of the respective author or compiler. Downloads from this site and copies of this site are permitted for private, thus not commercial use, only. In case the operator did not create the respective contents on this page, third-party copyrights are respected. Contents from third parties are being identified as such. Should you have reason to believe that a copyright violation has occurred, despite the precautionary measures taken, we kindly ask you to inform us! Upon notification of violations, we will immediately remove such content.<\/p>\t\t\t\t\t\t\t\t<\/div>\n\t\t\t\t<\/div>\n\t\t\t\t\t<\/div>\n\t\t<\/div>\n\t\t\t\t\t<\/div>\n\t\t<\/section>\n\t\t<div class=\"elementor-element elementor-element-a011653 e-flex e-con-boxed e-con e-parent\" data-id=\"a011653\" data-element_type=\"container\">\n\t\t\t\t\t<div class=\"e-con-inner\">\n\t\t\t\t<div class=\"elementor-element elementor-element-3a9ab6d elementor-widget elementor-widget-spacer\" data-id=\"3a9ab6d\" data-element_type=\"widget\" data-widget_type=\"spacer.default\">\n\t\t\t\t<div class=\"elementor-widget-container\">\n\t\t\t\t\t\t\t<div class=\"elementor-spacer\">\n\t\t\t<div class=\"elementor-spacer-inner\"><\/div>\n\t\t<\/div>\n\t\t\t\t\t\t<\/div>\n\t\t\t\t<\/div>\n\t\t\t\t\t<\/div>\n\t\t\t\t<\/div>\n\t\t<div class=\"elementor-element elementor-element-a034d7a e-flex e-con-boxed e-con e-parent\" data-id=\"a034d7a\" data-element_type=\"container\">\n\t\t\t\t\t<div class=\"e-con-inner\">\n\t\t\t\t<div class=\"elementor-element elementor-element-6d5f32e elementor-widget__width-auto elementor-fixed elementor-view-default elementor-widget elementor-widget-icon\" data-id=\"6d5f32e\" data-element_type=\"widget\" data-settings=\"{&quot;_position&quot;:&quot;fixed&quot;}\" data-widget_type=\"icon.default\">\n\t\t\t\t<div class=\"elementor-widget-container\">\n\t\t\t\t\t\t\t<div class=\"elementor-icon-wrapper\">\n\t\t\t<a class=\"elementor-icon\" href=\"#main-parent\">\n\t\t\t<svg aria-hidden=\"true\" class=\"e-font-icon-svg e-fas-chevron-up\" viewBox=\"0 0 448 512\" xmlns=\"http:\/\/www.w3.org\/2000\/svg\"><path d=\"M240.971 130.524l194.343 194.343c9.373 9.373 9.373 24.569 0 33.941l-22.667 22.667c-9.357 9.357-24.522 9.375-33.901.04L224 227.495 69.255 381.516c-9.379 9.335-24.544 9.317-33.901-.04l-22.667-22.667c-9.373-9.373-9.373-24.569 0-33.941L207.03 130.525c9.372-9.373 24.568-9.373 33.941-.001z\"><\/path><\/svg>\t\t\t<\/a>\n\t\t<\/div>\n\t\t\t\t\t\t<\/div>\n\t\t\t\t<\/div>\n\t\t\t\t\t<\/div>\n\t\t\t\t<\/div>\n\t\t\t\t<\/div>\n\t\t","protected":false},"excerpt":{"rendered":"<p>Imprint Imprint LR Pure Systems GmbHR\u00f6ntgenstra\u00dfe 2471254 Ditzingen \u2013 HeimerdingenGermany Commercial Register: Local Court of Stuttgart, HRB 770172VAT Identification Number: DE 302097486 Represented by:Stefan Fischer, Thorsten St\u00e4bler Contact:Phone: +49 7152 603 385 0E-mail: info@lr-pure.com Responsible for content according to \u00a7 18 (2) MStV: Stefan Fischer, Thorsten St\u00e4blerR\u00f6ntgenstra\u00dfe 2471254 Ditzingen \u2013 Heimerdingen DisclaimerLiability for content: The [&hellip;]<\/p>\n","protected":false},"author":2,"featured_media":0,"parent":0,"menu_order":0,"comment_status":"closed","ping_status":"closed","template":"","meta":{"_coblocks_attr":"","_coblocks_dimensions":"","_coblocks_responsive_height":"","_coblocks_accordion_ie_support":"","inline_featured_image":false,"footnotes":""},"class_list":["post-3703","page","type-page","status-publish","hentry"],"_links":{"self":[{"href":"https:\/\/lr-pure.com\/en\/wp-json\/wp\/v2\/pages\/3703","targetHints":{"allow":["GET"]}}],"collection":[{"href":"https:\/\/lr-pure.com\/en\/wp-json\/wp\/v2\/pages"}],"about":[{"href":"https:\/\/lr-pure.com\/en\/wp-json\/wp\/v2\/types\/page"}],"author":[{"embeddable":true,"href":"https:\/\/lr-pure.com\/en\/wp-json\/wp\/v2\/users\/2"}],"replies":[{"embeddable":true,"href":"https:\/\/lr-pure.com\/en\/wp-json\/wp\/v2\/comments?post=3703"}],"version-history":[{"count":20,"href":"https:\/\/lr-pure.com\/en\/wp-json\/wp\/v2\/pages\/3703\/revisions"}],"predecessor-version":[{"id":5759,"href":"https:\/\/lr-pure.com\/en\/wp-json\/wp\/v2\/pages\/3703\/revisions\/5759"}],"wp:attachment":[{"href":"https:\/\/lr-pure.com\/en\/wp-json\/wp\/v2\/media?parent=3703"}],"curies":[{"name":"wp","href":"https:\/\/api.w.org\/{rel}","templated":true}]}}